{"id":26,"date":"2011-11-13T17:08:40","date_gmt":"2011-11-13T15:08:40","guid":{"rendered":"http:\/\/www.mbtasarim.com\/koydernek\/v3\/?page_id=26"},"modified":"2011-11-15T19:44:26","modified_gmt":"2011-11-15T17:44:26","slug":"kulturumuz","status":"publish","type":"page","link":"https:\/\/www.mbtasarim.com\/koydernek\/v3\/kulturumuz","title":{"rendered":"K\u00dcLT\u00dcR\u00dcM\u00dcZ"},"content":{"rendered":"<p>K\u00fclt\u00fcr\u00fcm\u00fcz<\/p>\n","protected":false},"excerpt":{"rendered":"<p>K\u00fclt\u00fcr\u00fcm\u00fcz<\/p>\n","protected":false},"author":1,"featured_media":0,"parent":0,"menu_order":0,"comment_status":"open","ping_status":"closed","template":"","meta":[],"_links":{"self":[{"href":"https:\/\/www.mbtasarim.com\/koydernek\/v3\/wp-json\/wp\/v2\/pages\/26"}],"collection":[{"href":"https:\/\/www.mbtasarim.com\/koydernek\/v3\/wp-json\/wp\/v2\/pages"}],"about":[{"href":"https:\/\/www.mbtasarim.com\/koydernek\/v3\/wp-json\/wp\/v2\/types\/page"}],"author":[{"embeddable":true,"href":"https:\/\/www.mbtasarim.com\/koydernek\/v3\/wp-json\/wp\/v2\/users\/1"}],"replies":[{"embeddable":true,"href":"https:\/\/www.mbtasarim.com\/koydernek\/v3\/wp-json\/wp\/v2\/comments?post=26"}],"version-history":[{"count":2,"href":"https:\/\/www.mbtasarim.com\/koydernek\/v3\/wp-json\/wp\/v2\/pages\/26\/revisions"}],"predecessor-version":[{"id":139,"href":"https:\/\/www.mbtasarim.com\/koydernek\/v3\/wp-json\/wp\/v2\/pages\/26\/revisions\/139"}],"wp:attachment":[{"href":"https:\/\/www.mbtasarim.com\/koydernek\/v3\/wp-json\/wp\/v2\/media?parent=26"}],"curies":[{"name":"wp","href":"https:\/\/api.w.org\/{rel}","templated":true}]}}