{"id":24,"date":"2011-11-13T17:08:13","date_gmt":"2011-11-13T17:08:13","guid":{"rendered":"http:\/\/www.mbtasarim.com\/koydernek\/v3\/?page_id=24"},"modified":"2011-11-13T17:08:13","modified_gmt":"2011-11-13T17:08:13","slug":"yemek-kulturu","status":"publish","type":"page","link":"https:\/\/www.mbtasarim.com\/koydernek\/v3\/yemek-kulturu","title":{"rendered":"Yemek K\u00fclt\u00fcr\u00fc"},"content":{"rendered":"<p>Yemek K\u00fclt\u00fcr\u00fc<\/p>\n","protected":false},"excerpt":{"rendered":"<p>Yemek K\u00fclt\u00fcr\u00fc<\/p>\n","protected":false},"author":1,"featured_media":0,"parent":0,"menu_order":0,"comment_status":"open","ping_status":"open","template":"","meta":[],"_links":{"self":[{"href":"https:\/\/www.mbtasarim.com\/koydernek\/v3\/wp-json\/wp\/v2\/pages\/24"}],"collection":[{"href":"https:\/\/www.mbtasarim.com\/koydernek\/v3\/wp-json\/wp\/v2\/pages"}],"about":[{"href":"https:\/\/www.mbtasarim.com\/koydernek\/v3\/wp-json\/wp\/v2\/types\/page"}],"author":[{"embeddable":true,"href":"https:\/\/www.mbtasarim.com\/koydernek\/v3\/wp-json\/wp\/v2\/users\/1"}],"replies":[{"embeddable":true,"href":"https:\/\/www.mbtasarim.com\/koydernek\/v3\/wp-json\/wp\/v2\/comments?post=24"}],"version-history":[{"count":1,"href":"https:\/\/www.mbtasarim.com\/koydernek\/v3\/wp-json\/wp\/v2\/pages\/24\/revisions"}],"predecessor-version":[{"id":25,"href":"https:\/\/www.mbtasarim.com\/koydernek\/v3\/wp-json\/wp\/v2\/pages\/24\/revisions\/25"}],"wp:attachment":[{"href":"https:\/\/www.mbtasarim.com\/koydernek\/v3\/wp-json\/wp\/v2\/media?parent=24"}],"curies":[{"name":"wp","href":"https:\/\/api.w.org\/{rel}","templated":true}]}}