{"id":22,"date":"2011-11-13T17:07:51","date_gmt":"2011-11-13T15:07:51","guid":{"rendered":"http:\/\/www.mbtasarim.com\/koydernek\/v3\/?page_id=22"},"modified":"2011-11-15T19:44:57","modified_gmt":"2011-11-15T17:44:57","slug":"ziyaretci-defteri","status":"publish","type":"page","link":"https:\/\/www.mbtasarim.com\/koydernek\/v3\/ziyaretci-defteri","title":{"rendered":"Z\u0130YARET\u00c7\u0130 DEFTER\u0130"},"content":{"rendered":"<p>Sitemiz hakk\u0131nda g\u00f6r\u00fc\u015f ve d\u00fc\u015f\u00fcncelerinizi alttaki yorum alan\u0131ndan g\u00f6nderebilirsiniz..<\/p>\n","protected":false},"excerpt":{"rendered":"<p>Sitemiz hakk\u0131nda g\u00f6r\u00fc\u015f ve d\u00fc\u015f\u00fcncelerinizi alttaki yorum alan\u0131ndan g\u00f6nderebilirsiniz..<\/p>\n","protected":false},"author":1,"featured_media":0,"parent":0,"menu_order":0,"comment_status":"open","ping_status":"closed","template":"","meta":[],"_links":{"self":[{"href":"https:\/\/www.mbtasarim.com\/koydernek\/v3\/wp-json\/wp\/v2\/pages\/22"}],"collection":[{"href":"https:\/\/www.mbtasarim.com\/koydernek\/v3\/wp-json\/wp\/v2\/pages"}],"about":[{"href":"https:\/\/www.mbtasarim.com\/koydernek\/v3\/wp-json\/wp\/v2\/types\/page"}],"author":[{"embeddable":true,"href":"https:\/\/www.mbtasarim.com\/koydernek\/v3\/wp-json\/wp\/v2\/users\/1"}],"replies":[{"embeddable":true,"href":"https:\/\/www.mbtasarim.com\/koydernek\/v3\/wp-json\/wp\/v2\/comments?post=22"}],"version-history":[{"count":2,"href":"https:\/\/www.mbtasarim.com\/koydernek\/v3\/wp-json\/wp\/v2\/pages\/22\/revisions"}],"predecessor-version":[{"id":142,"href":"https:\/\/www.mbtasarim.com\/koydernek\/v3\/wp-json\/wp\/v2\/pages\/22\/revisions\/142"}],"wp:attachment":[{"href":"https:\/\/www.mbtasarim.com\/koydernek\/v3\/wp-json\/wp\/v2\/media?parent=22"}],"curies":[{"name":"wp","href":"https:\/\/api.w.org\/{rel}","templated":true}]}}