{"id":13,"date":"2011-11-13T16:48:25","date_gmt":"2011-11-13T14:48:25","guid":{"rendered":"http:\/\/www.mbtasarim.com\/koydernek\/v3\/?page_id=13"},"modified":"2020-06-12T00:22:54","modified_gmt":"2020-06-11T21:22:54","slug":"iletisim","status":"publish","type":"page","link":"https:\/\/www.mbtasarim.com\/koydernek\/v3\/iletisim","title":{"rendered":"\u0130LET\u0130\u015e\u0130M"},"content":{"rendered":"<h2><span style=\"color: #008000;\">Bu tema mbtasarim.com taraf\u0131ndan k\u00f6y ve dernek siteleri i\u00e7in haz\u0131rlanm\u0131\u015f olup, \u015fuanda sat\u0131\u015f\u0131 yap\u0131lmaktad\u0131r.<\/span><\/h2>\n<p><strong>Dilerseniz direk whatsapp butonumuza t\u0131klayarak,<\/strong><\/p>\n<p><strong>veya 0538 499 22 63 (Musa KURU) numaral\u0131 telefonumuzdan bizi arayarak,<\/strong><\/p>\n<p><strong>veya <a href=\"https:\/\/www.mbtasarim.com\/\">www.mbtasarim.com<\/a> veya <a href=\"http:\/\/wordpresstemalari.gen.tr\/\">www.wordpresstemalari.gen.tr<\/a> web sitelerinden detayl\u0131 bilgi alabilirsiniz.<\/strong><\/p>\n","protected":false},"excerpt":{"rendered":"<p>Bu tema mbtasarim.com taraf\u0131ndan k\u00f6y ve dernek siteleri i\u00e7in haz\u0131rlanm\u0131\u015f olup, \u015fuanda sat\u0131\u015f\u0131 yap\u0131lmaktad\u0131r. Dilerseniz direk whatsapp butonumuza t\u0131klayarak, veya 0538 499 22 63 (Musa KURU) numaral\u0131 telefonumuzdan bizi arayarak, veya www.mbtasarim.com veya www.wordpresstemalari.gen.tr web sitelerinden detayl\u0131 bilgi alabilirsiniz.<\/p>\n","protected":false},"author":1,"featured_media":0,"parent":0,"menu_order":0,"comment_status":"open","ping_status":"closed","template":"","meta":[],"_links":{"self":[{"href":"https:\/\/www.mbtasarim.com\/koydernek\/v3\/wp-json\/wp\/v2\/pages\/13"}],"collection":[{"href":"https:\/\/www.mbtasarim.com\/koydernek\/v3\/wp-json\/wp\/v2\/pages"}],"about":[{"href":"https:\/\/www.mbtasarim.com\/koydernek\/v3\/wp-json\/wp\/v2\/types\/page"}],"author":[{"embeddable":true,"href":"https:\/\/www.mbtasarim.com\/koydernek\/v3\/wp-json\/wp\/v2\/users\/1"}],"replies":[{"embeddable":true,"href":"https:\/\/www.mbtasarim.com\/koydernek\/v3\/wp-json\/wp\/v2\/comments?post=13"}],"version-history":[{"count":12,"href":"https:\/\/www.mbtasarim.com\/koydernek\/v3\/wp-json\/wp\/v2\/pages\/13\/revisions"}],"predecessor-version":[{"id":379,"href":"https:\/\/www.mbtasarim.com\/koydernek\/v3\/wp-json\/wp\/v2\/pages\/13\/revisions\/379"}],"wp:attachment":[{"href":"https:\/\/www.mbtasarim.com\/koydernek\/v3\/wp-json\/wp\/v2\/media?parent=13"}],"curies":[{"name":"wp","href":"https:\/\/api.w.org\/{rel}","templated":true}]}}